{"id":2066,"date":"2026-02-14T10:06:41","date_gmt":"2026-02-14T09:06:41","guid":{"rendered":"https:\/\/musique-loisir.fr\/staging\/?page_id=2066"},"modified":"2026-02-23T13:06:08","modified_gmt":"2026-02-23T12:06:08","slug":"partenaires","status":"publish","type":"page","link":"https:\/\/musique-loisir.fr\/staging\/partenaires\/","title":{"rendered":"Partenaires"},"content":{"rendered":"<p>[et_pb_section fb_built=\u00a0\u00bb1&Prime; _builder_version=\u00a0\u00bb4.27.5&Prime; _module_preset=\u00a0\u00bbdefault\u00a0\u00bb background_color=\u00a0\u00bb#1D2A52&Prime; hover_enabled=\u00a0\u00bb0&Prime; global_colors_info=\u00a0\u00bb{}\u00a0\u00bb custom_padding=\u00a0\u00bb0px||||false|false\u00a0\u00bb sticky_enabled=\u00a0\u00bb0&Prime;][et_pb_row _builder_version=\u00a0\u00bb4.27.5&Prime; _module_preset=\u00a0\u00bbdefault\u00a0\u00bb hover_enabled=\u00a0\u00bb0&Prime; global_colors_info=\u00a0\u00bb{}\u00a0\u00bb custom_padding=\u00a0\u00bb0px||||false|false\u00a0\u00bb sticky_enabled=\u00a0\u00bb0&Prime;][et_pb_column type=\u00a0\u00bb4_4&Prime; _builder_version=\u00a0\u00bb4.27.5&Prime; _module_preset=\u00a0\u00bbdefault\u00a0\u00bb global_colors_info=\u00a0\u00bb{}\u00a0\u00bb][et_pb_heading title=\u00a0\u00bbLes partenaires\u00a0\u00bb _builder_version=\u00a0\u00bb4.27.5&Prime; _module_preset=\u00a0\u00bbdefault\u00a0\u00bb title_font=\u00a0\u00bb|||on|||||\u00a0\u00bb title_text_align=\u00a0\u00bbcenter\u00a0\u00bb title_text_color=\u00a0\u00bb#FFFFFF\u00a0\u00bb title_font_size=\u00a0\u00bb38px\u00a0\u00bb global_colors_info=\u00a0\u00bb{}\u00a0\u00bb][\/et_pb_heading][et_pb_text _builder_version=\u00a0\u00bb4.27.5&Prime; _module_preset=\u00a0\u00bbdefault\u00a0\u00bb text_font=\u00a0\u00bb|300|||||||\u00a0\u00bb width=\u00a0\u00bb53%\u00a0\u00bb module_alignment=\u00a0\u00bbcenter\u00a0\u00bb global_colors_info=\u00a0\u00bb{}\u00a0\u00bb]<\/p>\n<p style=\"text-align: center;\">Nous tenons \u00e0 adresser nos plus sinc\u00e8res remerciements \u00e0 la mairie de Lesneven.<br \/>Sans son soutien constant, notre association n\u2019aurait tout simplement pas pu voir le jour ni se d\u00e9velopper au fil des ann\u00e9es.<\/p>\n<p style=\"text-align: center;\">Nous remercions chaleureusement la municipalit\u00e9 pour son engagement renouvel\u00e9 chaque ann\u00e9e, son \u00e9coute attentive, sa confiance et son accompagnement pr\u00e9cieux. Ce partenariat durable est essentiel \u00e0 la vie culturelle locale et constitue un soutien fondamental pour la poursuite de nos actions.<\/p>\n<p style=\"text-align: justify;\">\n<p>[\/et_pb_text][et_pb_text _builder_version=\u00a0\u00bb4.27.5&Prime; _module_preset=\u00a0\u00bbdefault\u00a0\u00bb text_font=\u00a0\u00bbgem-deco-regular||||||||\u00a0\u00bb text_text_color=\u00a0\u00bb#FFFFFF\u00a0\u00bb text_font_size=\u00a0\u00bb22px\u00a0\u00bb text_letter_spacing=\u00a0\u00bb1px\u00a0\u00bb background_color=\u00a0\u00bb#7880AC\u00a0\u00bb transform_rotate=\u00a0\u00bb0deg|0deg|354deg\u00a0\u00bb text_orientation=\u00a0\u00bbcenter\u00a0\u00bb width=\u00a0\u00bb159px\u00a0\u00bb module_alignment=\u00a0\u00bbcenter\u00a0\u00bb custom_padding=\u00a0\u00bb4px|10px|4px|10px|true|true\u00a0\u00bb border_radii=\u00a0\u00bbon|20px|20px|20px|20px\u00a0\u00bb global_colors_info=\u00a0\u00bb{}\u00a0\u00bb]<\/p>\n<p>Mille mercis !!!<\/p>\n<p>[\/et_pb_text][\/et_pb_column][\/et_pb_row][et_pb_row _builder_version=\u00a0\u00bb4.27.5&Prime; _module_preset=\u00a0\u00bbdefault\u00a0\u00bb global_colors_info=\u00a0\u00bb{}\u00a0\u00bb][et_pb_column type=\u00a0\u00bb4_4&Prime; _builder_version=\u00a0\u00bb4.27.5&Prime; _module_preset=\u00a0\u00bbdefault\u00a0\u00bb global_colors_info=\u00a0\u00bb{}\u00a0\u00bb][et_pb_image src=\u00a0\u00bbhttps:\/\/musique-loisir.fr\/staging\/wp-content\/uploads\/2026\/02\/logo-lesneven-1-scaled.png\u00a0\u00bb title_text=\u00a0\u00bblogo-lesneven\u00a0\u00bb url=\u00a0\u00bbhttps:\/\/lesneven.bzh\/\u00a0\u00bb url_new_window=\u00a0\u00bbon\u00a0\u00bb align=\u00a0\u00bbcenter\u00a0\u00bb _builder_version=\u00a0\u00bb4.27.5&Prime; _module_preset=\u00a0\u00bbdefault\u00a0\u00bb max_height=\u00a0\u00bb90px\u00a0\u00bb global_colors_info=\u00a0\u00bb{}\u00a0\u00bb][\/et_pb_image][\/et_pb_column][\/et_pb_row][\/et_pb_section]<\/p>\n","protected":false},"excerpt":{"rendered":"<p>Nous tenons \u00e0 adresser nos plus sinc\u00e8res remerciements \u00e0 la mairie de Lesneven.Sans son soutien constant, notre association n\u2019aurait tout simplement pas pu voir le jour ni se d\u00e9velopper au fil des ann\u00e9es. Nous remercions chaleureusement la municipalit\u00e9 pour son engagement renouvel\u00e9 chaque ann\u00e9e, son \u00e9coute attentive, sa confiance et son accompagnement pr\u00e9cieux. Ce partenariat [&hellip;]<\/p>\n","protected":false},"author":181,"featured_media":0,"parent":0,"menu_order":0,"comment_status":"closed","ping_status":"closed","template":"","meta":{"_et_pb_use_builder":"on","_et_pb_old_content":"","_et_gb_content_width":"","footnotes":""},"class_list":["post-2066","page","type-page","status-publish","hentry"],"_links":{"self":[{"href":"https:\/\/musique-loisir.fr\/staging\/wp-json\/wp\/v2\/pages\/2066","targetHints":{"allow":["GET"]}}],"collection":[{"href":"https:\/\/musique-loisir.fr\/staging\/wp-json\/wp\/v2\/pages"}],"about":[{"href":"https:\/\/musique-loisir.fr\/staging\/wp-json\/wp\/v2\/types\/page"}],"author":[{"embeddable":true,"href":"https:\/\/musique-loisir.fr\/staging\/wp-json\/wp\/v2\/users\/181"}],"replies":[{"embeddable":true,"href":"https:\/\/musique-loisir.fr\/staging\/wp-json\/wp\/v2\/comments?post=2066"}],"version-history":[{"count":7,"href":"https:\/\/musique-loisir.fr\/staging\/wp-json\/wp\/v2\/pages\/2066\/revisions"}],"predecessor-version":[{"id":2345,"href":"https:\/\/musique-loisir.fr\/staging\/wp-json\/wp\/v2\/pages\/2066\/revisions\/2345"}],"wp:attachment":[{"href":"https:\/\/musique-loisir.fr\/staging\/wp-json\/wp\/v2\/media?parent=2066"}],"curies":[{"name":"wp","href":"https:\/\/api.w.org\/{rel}","templated":true}]}}